{"id":1823,"date":"2025-06-20T04:34:51","date_gmt":"2025-06-20T04:34:51","guid":{"rendered":"https:\/\/gerefoundation.org\/?page_id=1823"},"modified":"2025-07-10T15:24:46","modified_gmt":"2025-07-10T15:24:46","slug":"aviso-legal","status":"publish","type":"page","link":"https:\/\/gerefoundation.org\/es\/legal-notice\/","title":{"rendered":"Aviso legal"},"content":{"rendered":"<p>El presente Aviso Legal regula las condiciones generales de acceso y utilizaci\u00f3n de las p\u00e1ginas web o apartados integrantes del sitio web incluidos los contenidos puestos a disposici\u00f3n en ellas. Sitio web accesible en la direcci\u00f3n HTPPS:\/\/WWW.GEREFOUNDATION.ORG, que The Gere Foundation pone a disposici\u00f3n de los usuarios de Internet.<\/p>\n<p>Toda persona que acceda a HTPPS:\/\/WWW.GEREFOUNDATION.ORG deber\u00e1 leer y aceptar estas condiciones generales antes de seguir navegando.<\/p>\n<h2>Responsable Legal de esta web<\/h2>\n<p>La web HTPPS:\/\/WWW.GEREFOUNDATION.ORG es un dominio propiedad de The Gere Foundation. Se indican los datos de informaci\u00f3n general de este sitio Web:<\/p>\n<p>Denominaci\u00f3n: The Gere Foundation<\/p>\n<p>Direcci\u00f3n: PO Box 638, New Canaan, CT 06840<\/p>\n<p><strong>\u00a0<\/strong><br \/>\nContacto (email): <a href=\"mailto:info@gerefoundation.org\">info@gerefoundation.org<\/a><\/p>\n<p>Datos registrales: 1209 Orange Street, County of New Castle, Wilmington, Delaware 19801<\/p>\n<p>N\u00famero identificaci\u00f3n fiscal (EEUU):   95- 4305828<\/p>\n<h2>Contenido y uso<\/h2>\n<p>Las presentes Condiciones Generales regulan el uso (incluyendo el mero acceso) de las p\u00e1ginas web integrantes del sitio web de HTPPS:\/\/WWW.GEREFOUNDATION.ORG, incluidos los contenidos puestos a disposici\u00f3n en ellas.<\/p>\n<p>Como usuario queda informado, y acepta, que el acceso a la web https:\/\/www.gerefoundation.org (en adelante, el \u201cSitio Web\u201d, el \u201cSitio\u201d o la \u201cWeb\u201d) no supone, en modo alguno, el establecimiento de una relaci\u00f3n comercial con The Gere Foundation.<\/p>\n<p>The Gere Foundation se reserva el derecho a realizar, en cualquier momento y sin necesidad de previo aviso, las modificaciones que considere oportunas en el Sitio Web, pudiendo cambiar, suprimir o a\u00f1adir tanto los contenidos y servicios que se presten a trav\u00e9s del mismo como la forma en la que estos aparezcan presentados o localizados en sus servidores, incluidas las presentes Condiciones Generales.<\/p>\n<p>El acceso y uso a este Sitio Web, desde su dominio  https:\/\/www.gerefoundation.org atribuye a quien lo realiza la condici\u00f3n de USUARIO, aceptando, desde ese mismo momento, plenamente y sin reserva alguna, las presentes condiciones de uso:<\/p>\n<p>La prestaci\u00f3n del servicio del Sitio Web tiene car\u00e1cter gratuito y el USUARIO puede acceder a la informaci\u00f3n sin necesidad de proporcionar ning\u00fan dato de car\u00e1cter personal.<\/p>\n<p>En caso de que el USUARIO deba registrarse como USUARIO REGISTRADO o facilitar datos de car\u00e1cter personal para acceder a determinados contenidos o servicios, la recogida y el tratamiento de dichos datos se regir\u00e1n por nuestra Pol\u00edtica de Privacidad, que puede consultarse en el siguiente enlace: <a href=\"https:\/\/gerefoundation.org\/es\/politica-de-privacidad\/\">https:\/\/gerefoundation.org\/es\/politica-privacidad\/<\/a><\/p>\n<p>Mediante el uso del Sitio Web, el USUARIO se compromete a no llevar a cabo ninguna conducta con fines il\u00edcitos o lesivos que pueda da\u00f1ar la imagen, los intereses o los derechos de The Gere Foundation o de terceros, as\u00ed como a no realizar actos que puedan da\u00f1ar, inutilizar, sobrecargar o impedir la normal utilizaci\u00f3n del Sitio Web.<\/p>\n<h2>Propiedad Intelectual e Industrial<\/h2>\n<p>Mediante estas Condiciones Generales no se cede ning\u00fan derecho de propiedad intelectual o industrial sobre el Sitio Web HTPPS:\/\/WWW.GEREFOUNDATION.ORG, sobre ninguno de sus elementos integrantes ni sobre el contenido o elementos de cualquier website de terceros a los que se acceda a trav\u00e9s de un link incluido en el Sitio Web, quedando expresamente prohibidos al Usuario la reproducci\u00f3n, transformaci\u00f3n, distribuci\u00f3n, comunicaci\u00f3n p\u00fablica, puesta a disposici\u00f3n del p\u00fablico, extracci\u00f3n, reutilizaci\u00f3n, reenv\u00edo o la utilizaci\u00f3n de cualquier naturaleza, por cualquier medio o procedimiento, de cualquiera de ellos, salvo en los casos en que est\u00e9 legalmente permitido o sea autorizado por la titular de los correspondientes derechos.<\/p>\n<p>El usuario conoce y acepta que la totalidad del Sitio Web, conteniendo sin car\u00e1cter exhaustivo el texto, software, contenidos (incluyendo estructura, selecci\u00f3n, ordenaci\u00f3n y presentaci\u00f3n de los mismos) fotograf\u00edas, material audiovisual, logos y gr\u00e1ficos, est\u00e1 protegida por marcas, derechos de autor y otros derechos leg\u00edtimos registrados, de acuerdo con los tratados internacionales en los que Espa\u00f1a es parte y otros derechos de propiedad y leyes de Espa\u00f1a.<\/p>\n<h2>Responsabilidad sobre los contenidos<\/h2>\n<p>El plagio de contenidos vulnera derechos. Si deseas utilizar cualquiera de los contenidos aqu\u00ed publicados, es preciso contar con la previa autorizaci\u00f3n expresa de The Gere Foundation.<\/p>\n<p>Respecto a los contenidos de este sitio web se proh\u00edbe expresamente:<\/p>\n<ul>\n<li>Su reproducci\u00f3n, distribuci\u00f3n o modificaci\u00f3n, total o parcial, a menos que se cuente con la autorizaci\u00f3n de The Gere Foundation.<\/li>\n<li>Cualquier vulneraci\u00f3n de los derechos del prestador o de los leg\u00edtimos titulares.<\/li>\n<li>Su utilizaci\u00f3n para fines comerciales o publicitarios.<\/li>\n<\/ul>\n<p>Si se ha incluido inadvertidamente alg\u00fan elemento de este sitio web y est\u00e1 sujeto a derechos de autor, p\u00f3ngase en contacto con nosotros en la direcci\u00f3n indicada en \u00abInformaci\u00f3n de contacto\u00bb, adjuntando una prueba de los derechos de autor. Una vez verificado, lo retiraremos r\u00e1pidamente o, si lo prefiere, atribuiremos la obra.<\/p>\n<h2>Exclusi\u00f3n de Garant\u00edas y Responsabilidad<\/h2>\n<p>The Gere Foundation no responder\u00e1 de los da\u00f1os inform\u00e1ticos que pudieran derivarse el USUARIO a consecuencia del uso de la presente p\u00e1gina Web y navegaci\u00f3n a trav\u00e9s de la misma, en especial (sin que se trate de una lista cerrada):<\/p>\n<ul>\n<li>Interferencias, interrupciones, fallos, omisiones, aver\u00edas telef\u00f3nicas, retrasos, bloqueos o desconexiones en el funcionamiento del sistema electr\u00f3nico, motivadas por deficiencias, sobrecargas y errores en las l\u00edneas y redes de telecomunicaciones, o por cualquier otra causa ajena a The Gere Foundation.<\/li>\n<li>Intromisiones ileg\u00edtimas mediante el uso de programas malignos de cualquier tipo y a trav\u00e9s de cualquier medio de comunicaci\u00f3n, tales como virus inform\u00e1ticos o cualesquiera otros.<\/li>\n<li>Uso indebido o inadecuado de la p\u00e1gina Web por el USUARIO.<\/li>\n<li>Errores de seguridad o navegaci\u00f3n producidos por un mal funcionamiento del navegador o por el uso de versiones no actualizadas del mismo por parte del USUARIO.<\/li>\n<\/ul>\n<h2>Pol\u00edtica de Cookies<\/h2>\n<p>The Gere Foundation se reserva el derecho de utilizar la tecnolog\u00eda \u201ccookie\u201d en el Sitio Web, a fin de reconocerlo como Usuario frecuente y personalizar el uso que realice del Sitio Web mediante la preselecci\u00f3n de su idioma, o contenidos m\u00e1s deseados o espec\u00edficos.<\/p>\n<p>Las \u201ccookies\u201d utilizadas por el Sitio Web, o el tercero que act\u00fae en su nombre, se asocian \u00fanicamente con un usuario an\u00f3nimo y su ordenador, y no proporcionan por s\u00ed los datos personales del usuario.<\/p>\n<p>Las cookies son ficheros enviados a un navegador por medio de un servidor Web para registrar la navegaci\u00f3n del Usuario en el Sitio Web, cuando el Usuario permita su recepci\u00f3n. A su vez podr\u00e1 eliminar las \u201ccookies\u201d para lo cual deber\u00e1 consultar las instrucciones de uso de su navegador.<\/p>\n<p>Gracias a las cookies, resulta posible que The Gere Foundation reconozca el navegador del ordenador utilizado por el Usuario con la finalidad de facilitar contenidos y ofrecer las preferencias de navegaci\u00f3n u publicitarias que el Usuario, a los perfiles demogr\u00e1ficos de los Usuarios, as\u00ed como para medir las visitas y par\u00e1metros del tr\u00e1fico, controlar el progreso y n\u00famero de entradas.<\/p>\n<p>Para m\u00e1s informaci\u00f3n visite nuestra pol\u00edtica de cookies:  HTPPS:\/\/WWW.GEREFOUNDATION.ORG\/POLITICA-DE-COOKIES<\/p>\n<h2>Resoluci\u00f3n de litigios en l\u00ednea (ODR)<\/h2>\n<p>La Comisi\u00f3n Europea pone a disposici\u00f3n de los consumidores residentes en la Uni\u00f3n Europea, la plataforma de resoluci\u00f3n de litigios que se encuentra disponible en el siguiente enlace. https:\/\/ec.europa.eu\/odr.<\/p>\n<h2>Disposici\u00f3n final<\/h2>\n<p>Como usuario del Sitio Web debe leer atentamente el presente Aviso Legal en cada una de las ocasiones en que se proponga utilizar la web, ya que el texto podr\u00eda sufrir modificaciones a causa de un cambio legislativo o jurisprudencial.<\/p>\n<p>En caso de que cualquier USUARIO tuviese alguna duda acerca de estas Condiciones Generales o cualquier comentario sobre el sitio web <a href=\"https:\/\/gerefoundation.org\/es\/\">https:\/\/www.gerefoundation.org<\/a>, p\u00f3ngase en contacto con nosotros en la direcci\u00f3n indicada al principio de este Aviso Legal.<\/p>\n<p>&nbsp;<\/p>","protected":false},"excerpt":{"rendered":"<p>This Legal Notice governs the general conditions for accessing and using the webpages or sections of the website, including the [&hellip;]<\/p>\n","protected":false},"author":1,"featured_media":0,"parent":0,"menu_order":0,"comment_status":"closed","ping_status":"closed","template":"","meta":{"_acf_changed":false,"site-sidebar-layout":"default","site-content-layout":"","ast-site-content-layout":"default","site-content-style":"default","site-sidebar-style":"default","ast-global-header-display":"","ast-banner-title-visibility":"","ast-main-header-display":"","ast-hfb-above-header-display":"","ast-hfb-below-header-display":"","ast-hfb-mobile-header-display":"","site-post-title":"","ast-breadcrumbs-content":"","ast-featured-img":"","footer-sml-layout":"","ast-disable-related-posts":"","theme-transparent-header-meta":"default","adv-header-id-meta":"","stick-header-meta":"","header-above-stick-meta":"","header-main-stick-meta":"","header-below-stick-meta":"","astra-migrate-meta-layouts":"set","ast-page-background-enabled":"default","ast-page-background-meta":{"desktop":{"background-color":"var(--ast-global-color-5)","background-image":"","background-repeat":"repeat","background-position":"center center","background-size":"auto","background-attachment":"scroll","background-type":"","background-media":"","overlay-type":"","overlay-color":"","overlay-opacity":"","overlay-gradient":""},"tablet":{"background-color":"","background-image":"","background-repeat":"repeat","background-position":"center center","background-size":"auto","background-attachment":"scroll","background-type":"","background-media":"","overlay-type":"","overlay-color":"","overlay-opacity":"","overlay-gradient":""},"mobile":{"background-color":"","background-image":"","background-repeat":"repeat","background-position":"center center","background-size":"auto","background-attachment":"scroll","background-type":"","background-media":"","overlay-type":"","overlay-color":"","overlay-opacity":"","overlay-gradient":""}},"ast-content-background-meta":{"desktop":{"background-color":"var(--ast-global-color-4)","background-image":"","background-repeat":"repeat","background-position":"center center","background-size":"auto","background-attachment":"scroll","background-type":"","background-media":"","overlay-type":"","overlay-color":"","overlay-opacity":"","overlay-gradient":""},"tablet":{"background-color":"var(--ast-global-color-4)","background-image":"","background-repeat":"repeat","background-position":"center center","background-size":"auto","background-attachment":"scroll","background-type":"","background-media":"","overlay-type":"","overlay-color":"","overlay-opacity":"","overlay-gradient":""},"mobile":{"background-color":"var(--ast-global-color-4)","background-image":"","background-repeat":"repeat","background-position":"center center","background-size":"auto","background-attachment":"scroll","background-type":"","background-media":"","overlay-type":"","overlay-color":"","overlay-opacity":"","overlay-gradient":""}},"footnotes":""},"class_list":["post-1823","page","type-page","status-publish","hentry"],"acf":[],"yoast_head":"<!-- This site is optimized with the Yoast SEO plugin v27.4 - https:\/\/yoast.com\/product\/yoast-seo-wordpress\/ -->\n<title>Legal Notice - THE GERE FOUNDATION<\/title>\n<meta name=\"robots\" content=\"index, follow, max-snippet:-1, max-image-preview:large, max-video-preview:-1\" \/>\n<link rel=\"canonical\" href=\"https:\/\/gerefoundation.org\/es\/aviso-legal\/\" \/>\n<meta property=\"og:locale\" content=\"es_ES\" \/>\n<meta property=\"og:type\" content=\"article\" \/>\n<meta property=\"og:title\" content=\"Legal Notice - THE GERE FOUNDATION\" \/>\n<meta property=\"og:description\" content=\"This Legal Notice governs the general conditions for accessing and using the webpages or sections of the website, including the [&hellip;]\" \/>\n<meta property=\"og:url\" content=\"https:\/\/gerefoundation.org\/es\/aviso-legal\/\" \/>\n<meta property=\"og:site_name\" content=\"THE GERE FOUNDATION\" \/>\n<meta property=\"article:modified_time\" content=\"2025-07-10T15:24:46+00:00\" \/>\n<meta name=\"twitter:card\" content=\"summary_large_image\" \/>\n<meta name=\"twitter:label1\" content=\"Tiempo de lectura\" \/>\n\t<meta name=\"twitter:data1\" content=\"5 minutos\" \/>\n<script type=\"application\/ld+json\" class=\"yoast-schema-graph\">{\"@context\":\"https:\\\/\\\/schema.org\",\"@graph\":[{\"@type\":\"WebPage\",\"@id\":\"https:\\\/\\\/gerefoundation.org\\\/legal-notice\\\/\",\"url\":\"https:\\\/\\\/gerefoundation.org\\\/legal-notice\\\/\",\"name\":\"Legal Notice - THE GERE FOUNDATION\",\"isPartOf\":{\"@id\":\"https:\\\/\\\/gerefoundation.org\\\/en\\\/#website\"},\"datePublished\":\"2025-06-20T04:34:51+00:00\",\"dateModified\":\"2025-07-10T15:24:46+00:00\",\"breadcrumb\":{\"@id\":\"https:\\\/\\\/gerefoundation.org\\\/legal-notice\\\/#breadcrumb\"},\"inLanguage\":\"es\",\"potentialAction\":[{\"@type\":\"ReadAction\",\"target\":[\"https:\\\/\\\/gerefoundation.org\\\/legal-notice\\\/\"]}]},{\"@type\":\"BreadcrumbList\",\"@id\":\"https:\\\/\\\/gerefoundation.org\\\/legal-notice\\\/#breadcrumb\",\"itemListElement\":[{\"@type\":\"ListItem\",\"position\":1,\"name\":\"Portada\",\"item\":\"https:\\\/\\\/gerefoundation.org\\\/\"},{\"@type\":\"ListItem\",\"position\":2,\"name\":\"Legal Notice\"}]},{\"@type\":\"WebSite\",\"@id\":\"https:\\\/\\\/gerefoundation.org\\\/en\\\/#website\",\"url\":\"https:\\\/\\\/gerefoundation.org\\\/en\\\/\",\"name\":\"THE GERE FOUNDATION\",\"description\":\"THE GERE FOUNDATION\",\"publisher\":{\"@id\":\"https:\\\/\\\/gerefoundation.org\\\/en\\\/#organization\"},\"potentialAction\":[{\"@type\":\"SearchAction\",\"target\":{\"@type\":\"EntryPoint\",\"urlTemplate\":\"https:\\\/\\\/gerefoundation.org\\\/en\\\/?s={search_term_string}\"},\"query-input\":{\"@type\":\"PropertyValueSpecification\",\"valueRequired\":true,\"valueName\":\"search_term_string\"}}],\"inLanguage\":\"es\"},{\"@type\":\"Organization\",\"@id\":\"https:\\\/\\\/gerefoundation.org\\\/en\\\/#organization\",\"name\":\"THE GERE FOUNDATION\",\"url\":\"https:\\\/\\\/gerefoundation.org\\\/en\\\/\",\"logo\":{\"@type\":\"ImageObject\",\"inLanguage\":\"es\",\"@id\":\"https:\\\/\\\/gerefoundation.org\\\/en\\\/#\\\/schema\\\/logo\\\/image\\\/\",\"url\":\"https:\\\/\\\/gerefoundation.org\\\/wp-content\\\/uploads\\\/2025\\\/06\\\/tgf-logo-pos-1.svg\",\"contentUrl\":\"https:\\\/\\\/gerefoundation.org\\\/wp-content\\\/uploads\\\/2025\\\/06\\\/tgf-logo-pos-1.svg\",\"width\":1238,\"height\":604,\"caption\":\"THE GERE FOUNDATION\"},\"image\":{\"@id\":\"https:\\\/\\\/gerefoundation.org\\\/en\\\/#\\\/schema\\\/logo\\\/image\\\/\"}}]}<\/script>\n<!-- \/ Yoast SEO plugin. -->","yoast_head_json":{"title":"Aviso legal - LA FUNDACI\u00d3N GERE","robots":{"index":"index","follow":"follow","max-snippet":"max-snippet:-1","max-image-preview":"max-image-preview:large","max-video-preview":"max-video-preview:-1"},"canonical":"https:\/\/gerefoundation.org\/es\/aviso-legal\/","og_locale":"es_ES","og_type":"article","og_title":"Legal Notice - THE GERE FOUNDATION","og_description":"This Legal Notice governs the general conditions for accessing and using the webpages or sections of the website, including the [&hellip;]","og_url":"https:\/\/gerefoundation.org\/es\/aviso-legal\/","og_site_name":"THE GERE FOUNDATION","article_modified_time":"2025-07-10T15:24:46+00:00","twitter_card":"summary_large_image","twitter_misc":{"Tiempo de lectura":"5 minutos"},"schema":{"@context":"https:\/\/schema.org","@graph":[{"@type":"WebPage","@id":"https:\/\/gerefoundation.org\/legal-notice\/","url":"https:\/\/gerefoundation.org\/legal-notice\/","name":"Aviso legal - LA FUNDACI\u00d3N GERE","isPartOf":{"@id":"https:\/\/gerefoundation.org\/en\/#website"},"datePublished":"2025-06-20T04:34:51+00:00","dateModified":"2025-07-10T15:24:46+00:00","breadcrumb":{"@id":"https:\/\/gerefoundation.org\/legal-notice\/#breadcrumb"},"inLanguage":"es","potentialAction":[{"@type":"ReadAction","target":["https:\/\/gerefoundation.org\/legal-notice\/"]}]},{"@type":"BreadcrumbList","@id":"https:\/\/gerefoundation.org\/legal-notice\/#breadcrumb","itemListElement":[{"@type":"ListItem","position":1,"name":"Portada","item":"https:\/\/gerefoundation.org\/"},{"@type":"ListItem","position":2,"name":"Legal Notice"}]},{"@type":"WebSite","@id":"https:\/\/gerefoundation.org\/en\/#website","url":"https:\/\/gerefoundation.org\/en\/","name":"THE GERE FOUNDATION","description":"THE GERE FOUNDATION","publisher":{"@id":"https:\/\/gerefoundation.org\/en\/#organization"},"potentialAction":[{"@type":"SearchAction","target":{"@type":"EntryPoint","urlTemplate":"https:\/\/gerefoundation.org\/en\/?s={search_term_string}"},"query-input":{"@type":"PropertyValueSpecification","valueRequired":true,"valueName":"search_term_string"}}],"inLanguage":"es"},{"@type":"Organization","@id":"https:\/\/gerefoundation.org\/en\/#organization","name":"THE GERE FOUNDATION","url":"https:\/\/gerefoundation.org\/en\/","logo":{"@type":"ImageObject","inLanguage":"es","@id":"https:\/\/gerefoundation.org\/en\/#\/schema\/logo\/image\/","url":"https:\/\/gerefoundation.org\/wp-content\/uploads\/2025\/06\/tgf-logo-pos-1.svg","contentUrl":"https:\/\/gerefoundation.org\/wp-content\/uploads\/2025\/06\/tgf-logo-pos-1.svg","width":1238,"height":604,"caption":"THE GERE FOUNDATION"},"image":{"@id":"https:\/\/gerefoundation.org\/en\/#\/schema\/logo\/image\/"}}]}},"_links":{"self":[{"href":"https:\/\/gerefoundation.org\/es\/wp-json\/wp\/v2\/pages\/1823","targetHints":{"allow":["GET"]}}],"collection":[{"href":"https:\/\/gerefoundation.org\/es\/wp-json\/wp\/v2\/pages"}],"about":[{"href":"https:\/\/gerefoundation.org\/es\/wp-json\/wp\/v2\/types\/page"}],"author":[{"embeddable":true,"href":"https:\/\/gerefoundation.org\/es\/wp-json\/wp\/v2\/users\/1"}],"replies":[{"embeddable":true,"href":"https:\/\/gerefoundation.org\/es\/wp-json\/wp\/v2\/comments?post=1823"}],"version-history":[{"count":0,"href":"https:\/\/gerefoundation.org\/es\/wp-json\/wp\/v2\/pages\/1823\/revisions"}],"wp:attachment":[{"href":"https:\/\/gerefoundation.org\/es\/wp-json\/wp\/v2\/media?parent=1823"}],"curies":[{"name":"wp","href":"https:\/\/api.w.org\/{rel}","templated":true}]}}