{"id":3,"date":"2025-05-02T09:55:32","date_gmt":"2025-05-02T09:55:32","guid":{"rendered":"https:\/\/www.foundation1.rmedios.com\/?page_id=3"},"modified":"2025-07-10T16:00:05","modified_gmt":"2025-07-10T16:00:05","slug":"politica-de-privacidad","status":"publish","type":"page","link":"https:\/\/gerefoundation.org\/es\/privacy-policy\/","title":{"rendered":"Pol\u00edtica de privacidad"},"content":{"rendered":"<p>Esta pol\u00edtica describe c\u00f3mo THE GERE FOUNDATION\ntrata tus datos personales a trav\u00e9s del sitio web https:\/\/\nwww.gerefoundation.org (el \u201cSitio\u201d).<\/p>\r\n<p>Las referencias en esta pol\u00edtica a \u201cla Fundaci\u00f3n\u201d,\n\u201cnosotros\u201d o \u201cnuestro\u201d se refieren a THE GERE\nFOUNDATION, con direcci\u00f3n en PO Box 638, New\nCanaan, CT 06840, y n\u00famero de identificaci\u00f3n fiscal de EE.\nUU. 95-4305828.<\/p>\r\n<p>A los efectos de la legislaci\u00f3n aplicable en materia de\nprotecci\u00f3n de datos (incluido el Reglamento General de\nProtecci\u00f3n de Datos 2016\/679 \u2014el \u201cRGPD\u201d\u2014 cuando sea\naplicable), la Fundaci\u00f3n es la responsable del tratamiento\nde tus datos personales.<\/p>\r\n<p><strong>\u00bfQu\u00e9 datos personales tratamos?<\/strong><\/p>\r\n<p><strong>Datos personales que recopilamos:<\/strong><\/p>\r\n<ul>\r\n<li>Cada vez que visitas el Sitio, la Fundaci\u00f3n recopilar\u00e1 y\ntratar\u00e1 autom\u00e1ticamente los siguientes datos personales:<\/li>\r\n<\/ul>\r\n<p>&nbsp;<\/p>\r\n<ul>\r\n<li>Informaci\u00f3n t\u00e9cnica, incluida la direcci\u00f3n de protocolo\nde Internet (IP) utilizada para conectar tu ordenador a\nInternet, datos de inicio de sesi\u00f3n, tipo y versi\u00f3n del\nnavegador, sistema operativo y plataforma.<\/li>\r\n<\/ul>\r\n<p>&nbsp;<\/p>\r\n<ul>\r\n<li>Informaci\u00f3n sobre tu visita al Sitio, incluyendo las\nURL completas (Uniform Resource Locators),\nservicios que consultaste o buscaste, tiempos de\nrespuesta de las p\u00e1ginas, errores de descarga, duraci\u00f3n\nde la visita, informaci\u00f3n sobre tu interacci\u00f3n con el\nSitio (por ejemplo, clics y\/o movimientos del rat\u00f3n), y\nlos m\u00e9todos utilizados para salir del Sitio.<\/li>\r\n<\/ul>\r\n<p>&nbsp;<\/p>\r\n<ul>\r\n<li>Informaci\u00f3n obtenida a trav\u00e9s de las cookies utilizadas\npor la Fundaci\u00f3n en el Sitio. Puedes obtener m\u00e1s\ninformaci\u00f3n sobre nuestro uso de cookies en el\nsiguiente enlace: <a href=\"https:\/\/gerefoundation.org\/es\/politica-de-cookies-ue\/\" target=\"_blank\" rel=\"noopener\">https:\/\/gerefoundation.org\/politica-de-cookies-ue\/<\/a> .<\/li>\r\n<\/ul>\r\n<p><strong>\u00bfPara qu\u00e9 usamos tus datos personales?<\/strong><\/p>\r\n<p>La Fundaci\u00f3n tratar\u00e1 tus datos personales con los siguientes\nfines:<\/p>\r\n<ul>\r\n<li><strong>Intereses leg\u00edtimos<\/strong>: trataremos tus datos personales\ncuando la Fundaci\u00f3n necesite perseguir sus intereses\nleg\u00edtimos, en particular:<\/li>\r\n<li>Para contribuir al control, administraci\u00f3n y\nprotecci\u00f3n de su contenido, servicios y sitio web.<\/li>\r\n<li>Para personalizar el sitio web o los servicios, y\npermitirte participar en elementos interactivos del\nsitio web.<\/li>\r\n<li>Tambi\u00e9n podremos utilizar tus datos con fines\nanal\u00edticos para mejorar nuestros servicios.<\/li>\r\n<\/ul>\r\n<p><strong>\u00bfCon qui\u00e9n compartimos tus datos personales?<\/strong><\/p>\r\n<p>La Fundaci\u00f3n compartir\u00e1 tus datos personales:<\/p>\r\n<ul>\r\n<li>Con autoridades administrativas y\/o judiciales\ncompetentes cuando as\u00ed lo exija la ley.<\/li>\r\n<li>Con proveedores de servicios inform\u00e1ticos, quienes\ntratar\u00e1n los datos para prestar servicios de soporte\ntecnol\u00f3gico.<\/li>\r\n<\/ul>\r\n<p><strong>\u00bfQu\u00e9 derechos tengo respecto a mis datos personales?<\/strong><\/p>\r\n<p>Tienes una serie de derechos respecto a la informaci\u00f3n\npersonal que tratamos sobre ti. Puedes contactarnos para\nejercer:<\/p>\r\n<ol>\r\n<li>El derecho de acceso a tus datos personales.<\/li>\r\n<li>El derecho de rectificaci\u00f3n de tus datos personales (si\nson incorrectos, incompletos o est\u00e1n desactualizados).<\/li>\r\n<li>El derecho a la portabilidad de los datos (es decir,\ntransferir tus datos a otro responsable del tratamiento\nen un formato estructurado, de uso com\u00fan y lectura\nmec\u00e1nica).<\/li>\r\n<li>El derecho de supresi\u00f3n de tus datos personales.<\/li>\r\n<li>El derecho a restringir el tratamiento de tus datos\npersonales.<\/li>\r\n<\/ol>\r\n<p>Tambi\u00e9n tienes derecho a oponerte al tratamiento de tus\ndatos personales cuando est\u00e9 basado en intereses leg\u00edtimos\ny\/o con fines de marketing directo. Adem\u00e1s, cuando\nhayamos solicitado tu consentimiento, tienes derecho a\nretirarlo en cualquier momento<\/p>\r\n<p>Cuando la Fundaci\u00f3n necesite tus datos personales para\ncumplir con obligaciones legales, el suministro de estos\ndatos ser\u00e1 obligatorio. En caso contrario, no podremos\ncumplir dichas obligaciones. En otros casos, el suministro\nser\u00e1 opcional.<\/p>\r\n<p>La Fundaci\u00f3n tiene como objetivo responder de forma\nsatisfactoria a cualquier consulta sobre c\u00f3mo tratamos tus\ndatos personales.<\/p>\r\n<p>Adem\u00e1s, si consideras que no hemos cumplido con nuestras\nobligaciones legales en materia de protecci\u00f3n de datos,\npuedes presentar una reclamaci\u00f3n ante la Agencia de\nProtecci\u00f3n de Datos de tu lugar de residencia.<\/p>\r\n<p>Puedes obtener m\u00e1s informaci\u00f3n sobre los plazos de\nconservaci\u00f3n de datos y ejercer los derechos mencionados\nescribiendo a la Fundaci\u00f3n a la direcci\u00f3n postal PO Box\n638, New Canaan, CT 06840, EE. UU., y adjuntando una\ncopia de tu documento de identidad.<\/p>\r\n<p><strong>\u00bfDurante cu\u00e1nto tiempo conservamos tus datos?<\/strong><\/p>\r\n<p>Conservamos los datos personales mientras sean necesarios\npara cumplir los fines descritos anteriormente. Por ello,\neliminaremos o anonimizaremos los datos una vez que\ndejen de ser necesarios, salvo que tengamos la obligaci\u00f3n\nlegal o regulatoria de conservarlos (debidamente\nbloqueados), o si los necesitamos para establecer, ejercer y\/\no defender reclamaciones legales, investigaciones o\nprocedimientos similares.<\/p>\r\n<p><strong>\u00bfQu\u00e9 tipos de cookies existen y c\u00f3mo las usamos en el\nSitio?<\/strong><\/p>\r\n<p>El tratamiento de cookies se regula por la Pol\u00edtica de\nCookies de la Fundaci\u00f3n, disponible aqu\u00ed: <a href=\"https:\/\/gerefoundation.org\/es\/politica-de-cookies-ue\/\" target=\"_blank\" rel=\"noopener\">https:\/\/gerefoundation.org\/politica-de-cookies-ue\/<\/a><\/p>\r\n<p><strong>Actualizaciones de nuestra pol\u00edtica de privacidad<\/strong><\/p>\r\n<p>Esta pol\u00edtica de privacidad puede actualizarse\nperi\u00f3dicamente para reflejar cambios en nuestras pr\u00e1cticas\nde tratamiento de datos personales. Publicaremos un aviso\ndestacado en el Sitio para informarte de cualquier cambio\nrelevante y se indicar\u00e1 en la parte superior de la pol\u00edtica la\nfecha de la \u00faltima actualizaci\u00f3n.<\/p>\r\n<p>&nbsp;<\/p>","protected":false},"excerpt":{"rendered":"<p>This policy describes how THE GERE FOUNDATION processes your personal data through the website https:\/\/www.gerefoundation.org (the \u201cSite\u201d). References in this [&hellip;]<\/p>\n","protected":false},"author":1,"featured_media":0,"parent":0,"menu_order":0,"comment_status":"closed","ping_status":"closed","template":"","meta":{"_acf_changed":false,"site-sidebar-layout":"default","site-content-layout":"","ast-site-content-layout":"default","site-content-style":"default","site-sidebar-style":"default","ast-global-header-display":"","ast-banner-title-visibility":"","ast-main-header-display":"","ast-hfb-above-header-display":"","ast-hfb-below-header-display":"","ast-hfb-mobile-header-display":"","site-post-title":"","ast-breadcrumbs-content":"","ast-featured-img":"","footer-sml-layout":"","ast-disable-related-posts":"","theme-transparent-header-meta":"default","adv-header-id-meta":"","stick-header-meta":"","header-above-stick-meta":"","header-main-stick-meta":"","header-below-stick-meta":"","astra-migrate-meta-layouts":"set","ast-page-background-enabled":"default","ast-page-background-meta":{"desktop":{"background-color":"var(--ast-global-color-5)","background-image":"","background-repeat":"repeat","background-position":"center center","background-size":"auto","background-attachment":"scroll","background-type":"","background-media":"","overlay-type":"","overlay-color":"","overlay-opacity":"","overlay-gradient":""},"tablet":{"background-color":"","background-image":"","background-repeat":"repeat","background-position":"center center","background-size":"auto","background-attachment":"scroll","background-type":"","background-media":"","overlay-type":"","overlay-color":"","overlay-opacity":"","overlay-gradient":""},"mobile":{"background-color":"","background-image":"","background-repeat":"repeat","background-position":"center center","background-size":"auto","background-attachment":"scroll","background-type":"","background-media":"","overlay-type":"","overlay-color":"","overlay-opacity":"","overlay-gradient":""}},"ast-content-background-meta":{"desktop":{"background-color":"var(--ast-global-color-4)","background-image":"","background-repeat":"repeat","background-position":"center center","background-size":"auto","background-attachment":"scroll","background-type":"","background-media":"","overlay-type":"","overlay-color":"","overlay-opacity":"","overlay-gradient":""},"tablet":{"background-color":"var(--ast-global-color-4)","background-image":"","background-repeat":"repeat","background-position":"center center","background-size":"auto","background-attachment":"scroll","background-type":"","background-media":"","overlay-type":"","overlay-color":"","overlay-opacity":"","overlay-gradient":""},"mobile":{"background-color":"var(--ast-global-color-4)","background-image":"","background-repeat":"repeat","background-position":"center center","background-size":"auto","background-attachment":"scroll","background-type":"","background-media":"","overlay-type":"","overlay-color":"","overlay-opacity":"","overlay-gradient":""}},"footnotes":""},"class_list":["post-3","page","type-page","status-publish","hentry"],"acf":[],"yoast_head":"<!-- This site is optimized with the Yoast SEO plugin v27.4 - https:\/\/yoast.com\/product\/yoast-seo-wordpress\/ -->\n<title>Privacy Policy - THE GERE FOUNDATION<\/title>\n<meta name=\"robots\" content=\"index, follow, max-snippet:-1, max-image-preview:large, max-video-preview:-1\" \/>\n<link rel=\"canonical\" href=\"https:\/\/gerefoundation.org\/es\/politica-de-privacidad\/\" \/>\n<meta property=\"og:locale\" content=\"es_ES\" \/>\n<meta property=\"og:type\" content=\"article\" \/>\n<meta property=\"og:title\" content=\"Privacy Policy - THE GERE FOUNDATION\" \/>\n<meta property=\"og:description\" content=\"This policy describes how THE GERE FOUNDATION processes your personal data through the website https:\/\/www.gerefoundation.org (the \u201cSite\u201d). References in this [&hellip;]\" \/>\n<meta property=\"og:url\" content=\"https:\/\/gerefoundation.org\/es\/politica-de-privacidad\/\" \/>\n<meta property=\"og:site_name\" content=\"THE GERE FOUNDATION\" \/>\n<meta property=\"article:modified_time\" content=\"2025-07-10T16:00:05+00:00\" \/>\n<meta name=\"twitter:card\" content=\"summary_large_image\" \/>\n<meta name=\"twitter:label1\" content=\"Tiempo de lectura\" \/>\n\t<meta name=\"twitter:data1\" content=\"4 minutos\" \/>\n<script type=\"application\/ld+json\" class=\"yoast-schema-graph\">{\"@context\":\"https:\\\/\\\/schema.org\",\"@graph\":[{\"@type\":\"WebPage\",\"@id\":\"https:\\\/\\\/gerefoundation.org\\\/privacy-policy\\\/\",\"url\":\"https:\\\/\\\/gerefoundation.org\\\/privacy-policy\\\/\",\"name\":\"Privacy Policy - THE GERE FOUNDATION\",\"isPartOf\":{\"@id\":\"https:\\\/\\\/gerefoundation.org\\\/en\\\/#website\"},\"datePublished\":\"2025-05-02T09:55:32+00:00\",\"dateModified\":\"2025-07-10T16:00:05+00:00\",\"breadcrumb\":{\"@id\":\"https:\\\/\\\/gerefoundation.org\\\/privacy-policy\\\/#breadcrumb\"},\"inLanguage\":\"es\",\"potentialAction\":[{\"@type\":\"ReadAction\",\"target\":[\"https:\\\/\\\/gerefoundation.org\\\/privacy-policy\\\/\"]}]},{\"@type\":\"BreadcrumbList\",\"@id\":\"https:\\\/\\\/gerefoundation.org\\\/privacy-policy\\\/#breadcrumb\",\"itemListElement\":[{\"@type\":\"ListItem\",\"position\":1,\"name\":\"Portada\",\"item\":\"https:\\\/\\\/gerefoundation.org\\\/\"},{\"@type\":\"ListItem\",\"position\":2,\"name\":\"Privacy Policy\"}]},{\"@type\":\"WebSite\",\"@id\":\"https:\\\/\\\/gerefoundation.org\\\/en\\\/#website\",\"url\":\"https:\\\/\\\/gerefoundation.org\\\/en\\\/\",\"name\":\"THE GERE FOUNDATION\",\"description\":\"THE GERE FOUNDATION\",\"publisher\":{\"@id\":\"https:\\\/\\\/gerefoundation.org\\\/en\\\/#organization\"},\"potentialAction\":[{\"@type\":\"SearchAction\",\"target\":{\"@type\":\"EntryPoint\",\"urlTemplate\":\"https:\\\/\\\/gerefoundation.org\\\/en\\\/?s={search_term_string}\"},\"query-input\":{\"@type\":\"PropertyValueSpecification\",\"valueRequired\":true,\"valueName\":\"search_term_string\"}}],\"inLanguage\":\"es\"},{\"@type\":\"Organization\",\"@id\":\"https:\\\/\\\/gerefoundation.org\\\/en\\\/#organization\",\"name\":\"THE GERE FOUNDATION\",\"url\":\"https:\\\/\\\/gerefoundation.org\\\/en\\\/\",\"logo\":{\"@type\":\"ImageObject\",\"inLanguage\":\"es\",\"@id\":\"https:\\\/\\\/gerefoundation.org\\\/en\\\/#\\\/schema\\\/logo\\\/image\\\/\",\"url\":\"https:\\\/\\\/gerefoundation.org\\\/wp-content\\\/uploads\\\/2025\\\/06\\\/tgf-logo-pos-1.svg\",\"contentUrl\":\"https:\\\/\\\/gerefoundation.org\\\/wp-content\\\/uploads\\\/2025\\\/06\\\/tgf-logo-pos-1.svg\",\"width\":1238,\"height\":604,\"caption\":\"THE GERE FOUNDATION\"},\"image\":{\"@id\":\"https:\\\/\\\/gerefoundation.org\\\/en\\\/#\\\/schema\\\/logo\\\/image\\\/\"}}]}<\/script>\n<!-- \/ Yoast SEO plugin. -->","yoast_head_json":{"title":"Pol\u00edtica de privacidad - LA FUNDACI\u00d3N GERE","robots":{"index":"index","follow":"follow","max-snippet":"max-snippet:-1","max-image-preview":"max-image-preview:large","max-video-preview":"max-video-preview:-1"},"canonical":"https:\/\/gerefoundation.org\/es\/politica-de-privacidad\/","og_locale":"es_ES","og_type":"article","og_title":"Privacy Policy - THE GERE FOUNDATION","og_description":"This policy describes how THE GERE FOUNDATION processes your personal data through the website https:\/\/www.gerefoundation.org (the \u201cSite\u201d). References in this [&hellip;]","og_url":"https:\/\/gerefoundation.org\/es\/politica-de-privacidad\/","og_site_name":"THE GERE FOUNDATION","article_modified_time":"2025-07-10T16:00:05+00:00","twitter_card":"summary_large_image","twitter_misc":{"Tiempo de lectura":"4 minutos"},"schema":{"@context":"https:\/\/schema.org","@graph":[{"@type":"WebPage","@id":"https:\/\/gerefoundation.org\/privacy-policy\/","url":"https:\/\/gerefoundation.org\/privacy-policy\/","name":"Pol\u00edtica de privacidad - LA FUNDACI\u00d3N GERE","isPartOf":{"@id":"https:\/\/gerefoundation.org\/en\/#website"},"datePublished":"2025-05-02T09:55:32+00:00","dateModified":"2025-07-10T16:00:05+00:00","breadcrumb":{"@id":"https:\/\/gerefoundation.org\/privacy-policy\/#breadcrumb"},"inLanguage":"es","potentialAction":[{"@type":"ReadAction","target":["https:\/\/gerefoundation.org\/privacy-policy\/"]}]},{"@type":"BreadcrumbList","@id":"https:\/\/gerefoundation.org\/privacy-policy\/#breadcrumb","itemListElement":[{"@type":"ListItem","position":1,"name":"Portada","item":"https:\/\/gerefoundation.org\/"},{"@type":"ListItem","position":2,"name":"Privacy Policy"}]},{"@type":"WebSite","@id":"https:\/\/gerefoundation.org\/en\/#website","url":"https:\/\/gerefoundation.org\/en\/","name":"THE GERE FOUNDATION","description":"THE GERE FOUNDATION","publisher":{"@id":"https:\/\/gerefoundation.org\/en\/#organization"},"potentialAction":[{"@type":"SearchAction","target":{"@type":"EntryPoint","urlTemplate":"https:\/\/gerefoundation.org\/en\/?s={search_term_string}"},"query-input":{"@type":"PropertyValueSpecification","valueRequired":true,"valueName":"search_term_string"}}],"inLanguage":"es"},{"@type":"Organization","@id":"https:\/\/gerefoundation.org\/en\/#organization","name":"THE GERE FOUNDATION","url":"https:\/\/gerefoundation.org\/en\/","logo":{"@type":"ImageObject","inLanguage":"es","@id":"https:\/\/gerefoundation.org\/en\/#\/schema\/logo\/image\/","url":"https:\/\/gerefoundation.org\/wp-content\/uploads\/2025\/06\/tgf-logo-pos-1.svg","contentUrl":"https:\/\/gerefoundation.org\/wp-content\/uploads\/2025\/06\/tgf-logo-pos-1.svg","width":1238,"height":604,"caption":"THE GERE FOUNDATION"},"image":{"@id":"https:\/\/gerefoundation.org\/en\/#\/schema\/logo\/image\/"}}]}},"_links":{"self":[{"href":"https:\/\/gerefoundation.org\/es\/wp-json\/wp\/v2\/pages\/3","targetHints":{"allow":["GET"]}}],"collection":[{"href":"https:\/\/gerefoundation.org\/es\/wp-json\/wp\/v2\/pages"}],"about":[{"href":"https:\/\/gerefoundation.org\/es\/wp-json\/wp\/v2\/types\/page"}],"author":[{"embeddable":true,"href":"https:\/\/gerefoundation.org\/es\/wp-json\/wp\/v2\/users\/1"}],"replies":[{"embeddable":true,"href":"https:\/\/gerefoundation.org\/es\/wp-json\/wp\/v2\/comments?post=3"}],"version-history":[{"count":0,"href":"https:\/\/gerefoundation.org\/es\/wp-json\/wp\/v2\/pages\/3\/revisions"}],"wp:attachment":[{"href":"https:\/\/gerefoundation.org\/es\/wp-json\/wp\/v2\/media?parent=3"}],"curies":[{"name":"wp","href":"https:\/\/api.w.org\/{rel}","templated":true}]}}